{"id":219,"date":"2023-04-10T15:43:36","date_gmt":"2023-04-10T13:43:36","guid":{"rendered":"https:\/\/szarvas.com.pl\/?page_id=219"},"modified":"2023-04-10T19:42:31","modified_gmt":"2023-04-10T17:42:31","slug":"dostawa","status":"publish","type":"page","link":"https:\/\/szarvas.com.pl\/index.php\/dostawa\/","title":{"rendered":"DOSTAWA"},"content":{"rendered":"\t\t<div data-elementor-type=\"wp-page\" data-elementor-id=\"219\" class=\"elementor elementor-219\">\n\t\t\t\t\t\t\t<div class=\"elementor-element elementor-element-5ad9ec1 e-flex e-con-boxed e-con e-parent\" data-id=\"5ad9ec1\" data-element_type=\"container\" data-settings=\"{&quot;content_width&quot;:&quot;boxed&quot;}\" data-core-v316-plus=\"true\">\n\t\t\t\t\t<div class=\"e-con-inner\">\n\t\t\t\t<div class=\"elementor-element elementor-element-687e8a8 elementor-widget elementor-widget-heading\" data-id=\"687e8a8\" data-element_type=\"widget\" data-widget_type=\"heading.default\">\n\t\t\t\t<div class=\"elementor-widget-container\">\n\t\t\t<style>\/*! elementor - v3.16.0 - 20-09-2023 *\/\n.elementor-heading-title{padding:0;margin:0;line-height:1}.elementor-widget-heading .elementor-heading-title[class*=elementor-size-]>a{color:inherit;font-size:inherit;line-height:inherit}.elementor-widget-heading .elementor-heading-title.elementor-size-small{font-size:15px}.elementor-widget-heading .elementor-heading-title.elementor-size-medium{font-size:19px}.elementor-widget-heading .elementor-heading-title.elementor-size-large{font-size:29px}.elementor-widget-heading .elementor-heading-title.elementor-size-xl{font-size:39px}.elementor-widget-heading .elementor-heading-title.elementor-size-xxl{font-size:59px}<\/style><h2 class=\"elementor-heading-title elementor-size-default\">Wysy\u0142ka\n<\/h2>\t\t<\/div>\n\t\t\t\t<\/div>\n\t\t\t\t<div class=\"elementor-element elementor-element-77bf1a2 elementor-widget elementor-widget-text-editor\" data-id=\"77bf1a2\" data-element_type=\"widget\" data-widget_type=\"text-editor.default\">\n\t\t\t\t<div class=\"elementor-widget-container\">\n\t\t\t<style>\/*! elementor - v3.16.0 - 20-09-2023 *\/\n.elementor-widget-text-editor.elementor-drop-cap-view-stacked .elementor-drop-cap{background-color:#69727d;color:#fff}.elementor-widget-text-editor.elementor-drop-cap-view-framed .elementor-drop-cap{color:#69727d;border:3px solid;background-color:transparent}.elementor-widget-text-editor:not(.elementor-drop-cap-view-default) .elementor-drop-cap{margin-top:8px}.elementor-widget-text-editor:not(.elementor-drop-cap-view-default) .elementor-drop-cap-letter{width:1em;height:1em}.elementor-widget-text-editor .elementor-drop-cap{float:left;text-align:center;line-height:1;font-size:50px}.elementor-widget-text-editor .elementor-drop-cap-letter{display:inline-block}<\/style>\t\t\t\t<p>Realizacj\u0105 zam\u00f3wienia zajmujemy si\u0119 zwykle tego samego dnia, a standardowy czas dostawy wynosi \u015brednio 2 dni. Z racji tego, \u017ce wszystkie nasze produkty wykonujemy r\u0119cznie, czas wysy\u0142ki mo\u017ce si\u0119 wyd\u0142u\u017cy\u0107 i trwa\u0107\u00a0maksymalnie 10 dni roboczych.\u00a0Twoje zam\u00f3wienie zostanie wys\u0142ane kurierem lub poprzez Paczkomaty.\u00a0<\/p><p class=\"has-text-align-left\">Pakujemy ekologicznie.<\/p>\t\t\t\t\t\t<\/div>\n\t\t\t\t<\/div>\n\t\t\t\t\t<\/div>\n\t\t\t\t<\/div>\n\t\t<div class=\"elementor-element elementor-element-f354606 e-flex e-con-boxed e-con e-parent\" data-id=\"f354606\" data-element_type=\"container\" data-settings=\"{&quot;content_width&quot;:&quot;boxed&quot;}\" data-core-v316-plus=\"true\">\n\t\t\t\t\t<div class=\"e-con-inner\">\n\t\t\t\t<div class=\"elementor-element elementor-element-57687ab elementor-widget elementor-widget-heading\" data-id=\"57687ab\" data-element_type=\"widget\" data-widget_type=\"heading.default\">\n\t\t\t\t<div class=\"elementor-widget-container\">\n\t\t\t<h2 class=\"elementor-heading-title elementor-size-default\">Anulowanie zam\u00f3wienia<\/h2>\t\t<\/div>\n\t\t\t\t<\/div>\n\t\t\t\t<div class=\"elementor-element elementor-element-b294fc2 elementor-widget elementor-widget-text-editor\" data-id=\"b294fc2\" data-element_type=\"widget\" data-widget_type=\"text-editor.default\">\n\t\t\t\t<div class=\"elementor-widget-container\">\n\t\t\t\t\t\t\t<p>Zmieni\u0142e\u015b zdanie? Je\u015bli zd\u0105\u017cymy, mo\u017cemy zaktualizowa\u0107 Twoje zam\u00f3wienie! Jak najszybciej napisz na hello@malier.pl. Je\u015bli nam si\u0119 nie uda, patrz: zwrot zam\u00f3wienia. Aby anulowa\u0107 zam\u00f3wienie:<br \/>1: Przejd\u017a do \u201eZam\u00f3wie\u0144 i zwrot\u00f3w\u201d, je\u015bli masz konto, lub napisz do nas, je\u015bli z\u0142o\u017cy\u0142e\u015b zam\u00f3wienie jako go\u015b\u0107.<br \/>2: Wybierz przedmioty, kt\u00f3re chcesz anulowa\u0107, i pow\u00f3d anulowania. Wy\u015blemy Ci potwierdzenie anulowanego zam\u00f3wienia.<br \/>Je\u015bli zam\u00f3wienie zosta\u0142o ju\u017c przygotowane, nie mo\u017cemy anulowa\u0107 zam\u00f3wienia \u2014 oferujemy jednak us\u0142ug\u0119 zwrotu. Wi\u0119cej informacji na temat zwrotu zam\u00f3wie\u0144 znajdziesz poni\u017cej.<\/p>\t\t\t\t\t\t<\/div>\n\t\t\t\t<\/div>\n\t\t\t\t\t<\/div>\n\t\t\t\t<\/div>\n\t\t<div class=\"elementor-element elementor-element-a2c2f3d e-flex e-con-boxed e-con e-parent\" data-id=\"a2c2f3d\" data-element_type=\"container\" data-settings=\"{&quot;content_width&quot;:&quot;boxed&quot;}\" data-core-v316-plus=\"true\">\n\t\t\t\t\t<div class=\"e-con-inner\">\n\t\t\t\t<div class=\"elementor-element elementor-element-e98ef36 elementor-widget elementor-widget-heading\" data-id=\"e98ef36\" data-element_type=\"widget\" data-widget_type=\"heading.default\">\n\t\t\t\t<div class=\"elementor-widget-container\">\n\t\t\t<h2 class=\"elementor-heading-title elementor-size-default\">Gwarancja\n<\/h2>\t\t<\/div>\n\t\t\t\t<\/div>\n\t\t\t\t<div class=\"elementor-element elementor-element-1ae036a elementor-widget elementor-widget-text-editor\" data-id=\"1ae036a\" data-element_type=\"widget\" data-widget_type=\"text-editor.default\">\n\t\t\t\t<div class=\"elementor-widget-container\">\n\t\t\t\t\t\t\t<p>Ci\u0119\u017cko pracowali\u015bmy, aby stworzy\u0107 trwa\u0142e produkty, dlatego wszystkie nasze r\u0119cznie wykonywane produkty podlegaj\u0105 rocznej gwarancji. Oczywi\u015bcie zu\u017cycie ma miejsce je\u015bli w gr\u0119 wchodz\u0105 zwierz\u0119ta. Jednak je\u017celi zam\u00f3wione przedmioty nie dzia\u0142aj\u0105, tak jak powinny, w ci\u0105gu roku od zakupu, naprawimy je lub wymienimy bezp\u0142atnie.<\/p>\t\t\t\t\t\t<\/div>\n\t\t\t\t<\/div>\n\t\t\t\t\t<\/div>\n\t\t\t\t<\/div>\n\t\t<div class=\"elementor-element elementor-element-e7dda7f e-flex e-con-boxed e-con e-parent\" data-id=\"e7dda7f\" data-element_type=\"container\" data-settings=\"{&quot;content_width&quot;:&quot;boxed&quot;}\" data-core-v316-plus=\"true\">\n\t\t\t\t\t<div class=\"e-con-inner\">\n\t\t\t\t<div class=\"elementor-element elementor-element-4a04e15 elementor-widget elementor-widget-heading\" data-id=\"4a04e15\" data-element_type=\"widget\" data-widget_type=\"heading.default\">\n\t\t\t\t<div class=\"elementor-widget-container\">\n\t\t\t<h2 class=\"elementor-heading-title elementor-size-default\">Potrzebujesz pomocy?<\/h2>\t\t<\/div>\n\t\t\t\t<\/div>\n\t\t\t\t<div class=\"elementor-element elementor-element-c17932d elementor-widget elementor-widget-text-editor\" data-id=\"c17932d\" data-element_type=\"widget\" data-widget_type=\"text-editor.default\">\n\t\t\t\t<div class=\"elementor-widget-container\">\n\t\t\t\t\t\t\t<div class=\"container content-wrapper\"><div class=\"row main-row\"><main id=\"primary\" class=\"site-main no-sidebar\"><article id=\"post-33566\" class=\"post-33566 page type-page status-publish hentry\"><div class=\"entry-content\"><p>Skontaktuj si\u0119 z nami pod adresem je\u015bli masz pytania dotycz\u0105ce dostawy i zwrot\u00f3w.<\/p><\/div><\/article><\/main><\/div><\/div><footer class=\"bhfb bhfb-footer bhfb-desktop\"><div class=\"bhfb-rows\"><div class=\"bhfb-row-wrapper bhfb-above_footer_row\"><div class=\"container-fluid\"><div class=\"bhfb-row bhfb-cols-4 bhfb-cols-layout-bigleft\"><div class=\"bhfb-column bhfb-column-1\"><div class=\"bhfb-builder-item bhfb-component-widget4\" data-component-id=\"widget4\"><div class=\"footer-widget\"><div class=\"widget-column\">\u00a0<\/div><\/div><\/div><\/div><\/div><\/div><\/div><\/div><\/footer>\t\t\t\t\t\t<\/div>\n\t\t\t\t<\/div>\n\t\t\t\t\t<\/div>\n\t\t\t\t<\/div>\n\t\t\t\t\t\t\t<\/div>\n\t\t","protected":false},"excerpt":{"rendered":"<p>Wysy\u0142ka Realizacj\u0105 zam\u00f3wienia zajmujemy si\u0119 zwykle tego samego dnia, a standardowy czas dostawy wynosi \u015brednio 2 dni. Z racji tego, \u017ce wszystkie nasze produkty wykonujemy &hellip; <\/p>\n","protected":false},"author":1,"featured_media":0,"parent":0,"menu_order":0,"comment_status":"closed","ping_status":"closed","template":"","meta":{"footnotes":""},"class_list":["post-219","page","type-page","status-publish","hentry"],"_links":{"self":[{"href":"https:\/\/szarvas.com.pl\/index.php\/wp-json\/wp\/v2\/pages\/219","targetHints":{"allow":["GET"]}}],"collection":[{"href":"https:\/\/szarvas.com.pl\/index.php\/wp-json\/wp\/v2\/pages"}],"about":[{"href":"https:\/\/szarvas.com.pl\/index.php\/wp-json\/wp\/v2\/types\/page"}],"author":[{"embeddable":true,"href":"https:\/\/szarvas.com.pl\/index.php\/wp-json\/wp\/v2\/users\/1"}],"replies":[{"embeddable":true,"href":"https:\/\/szarvas.com.pl\/index.php\/wp-json\/wp\/v2\/comments?post=219"}],"version-history":[{"count":7,"href":"https:\/\/szarvas.com.pl\/index.php\/wp-json\/wp\/v2\/pages\/219\/revisions"}],"predecessor-version":[{"id":230,"href":"https:\/\/szarvas.com.pl\/index.php\/wp-json\/wp\/v2\/pages\/219\/revisions\/230"}],"wp:attachment":[{"href":"https:\/\/szarvas.com.pl\/index.php\/wp-json\/wp\/v2\/media?parent=219"}],"curies":[{"name":"wp","href":"https:\/\/api.w.org\/{rel}","templated":true}]}}