{"id":221,"date":"2023-04-10T19:38:33","date_gmt":"2023-04-10T17:38:33","guid":{"rendered":"https:\/\/szarvas.com.pl\/?page_id=221"},"modified":"2023-04-10T19:46:18","modified_gmt":"2023-04-10T17:46:18","slug":"zwroty-2","status":"publish","type":"page","link":"https:\/\/szarvas.com.pl\/index.php\/zwroty-2\/","title":{"rendered":"ZWROTY"},"content":{"rendered":"\t\t<div data-elementor-type=\"wp-page\" data-elementor-id=\"221\" class=\"elementor elementor-221\">\n\t\t\t\t\t\t\t<div class=\"elementor-element elementor-element-d68a67c e-flex e-con-boxed e-con e-parent\" data-id=\"d68a67c\" data-element_type=\"container\" data-settings=\"{&quot;content_width&quot;:&quot;boxed&quot;}\" data-core-v316-plus=\"true\">\n\t\t\t\t\t<div class=\"e-con-inner\">\n\t\t\t\t<div class=\"elementor-element elementor-element-38af482 elementor-widget elementor-widget-heading\" data-id=\"38af482\" data-element_type=\"widget\" data-widget_type=\"heading.default\">\n\t\t\t\t<div class=\"elementor-widget-container\">\n\t\t\t<style>\/*! elementor - v3.16.0 - 20-09-2023 *\/\n.elementor-heading-title{padding:0;margin:0;line-height:1}.elementor-widget-heading .elementor-heading-title[class*=elementor-size-]>a{color:inherit;font-size:inherit;line-height:inherit}.elementor-widget-heading .elementor-heading-title.elementor-size-small{font-size:15px}.elementor-widget-heading .elementor-heading-title.elementor-size-medium{font-size:19px}.elementor-widget-heading .elementor-heading-title.elementor-size-large{font-size:29px}.elementor-widget-heading .elementor-heading-title.elementor-size-xl{font-size:39px}.elementor-widget-heading .elementor-heading-title.elementor-size-xxl{font-size:59px}<\/style><h2 class=\"elementor-heading-title elementor-size-default\">Zwroty lub wymiana\n<\/h2>\t\t<\/div>\n\t\t\t\t<\/div>\n\t\t\t\t<div class=\"elementor-element elementor-element-8e2b48c elementor-widget elementor-widget-text-editor\" data-id=\"8e2b48c\" data-element_type=\"widget\" data-widget_type=\"text-editor.default\">\n\t\t\t\t<div class=\"elementor-widget-container\">\n\t\t\t<style>\/*! elementor - v3.16.0 - 20-09-2023 *\/\n.elementor-widget-text-editor.elementor-drop-cap-view-stacked .elementor-drop-cap{background-color:#69727d;color:#fff}.elementor-widget-text-editor.elementor-drop-cap-view-framed .elementor-drop-cap{color:#69727d;border:3px solid;background-color:transparent}.elementor-widget-text-editor:not(.elementor-drop-cap-view-default) .elementor-drop-cap{margin-top:8px}.elementor-widget-text-editor:not(.elementor-drop-cap-view-default) .elementor-drop-cap-letter{width:1em;height:1em}.elementor-widget-text-editor .elementor-drop-cap{float:left;text-align:center;line-height:1;font-size:50px}.elementor-widget-text-editor .elementor-drop-cap-letter{display:inline-block}<\/style>\t\t\t\t<p>Jako konsument\u00a0<strong>mo\u017cesz zwr\u00f3ci\u0107 swoje zam\u00f3wienie w ci\u0105gu 14 dni\u00a0<\/strong>od daty zakupu bez podania przyczyny. Wystarczy, \u017ce wy\u015blesz wiadomo\u015b\u0107 e-mail na adres:\u00a0<strong>hello@malier.pl<\/strong>\u00a0informuj\u0105cy o zwrocie produktu. Spakuj produkt wraz z wype\u0142nionym formularzem odst\u0105pienia od umowy i wy\u015blij na nasz adres z dopiskiem ZWROT:<\/p><p class=\"has-text-align-center\"><strong>SZARVAS DARIUSZ BURAK<\/strong><br \/>ul. Batalionu Zo\u015bka 7\/13<br \/>66-400 Gorz\u00f3w Wlkp.<\/p><p class=\"has-text-align-left\">B\u0119dziesz odpowiedzialny za op\u0142acenie koszt\u00f3w wysy\u0142ki przedmiotu. Koszty wysy\u0142ki nie podlegaj\u0105 zwrotowi. Je\u015bli otrzymasz zwrot pieni\u0119dzy, koszt pierwotnej przesy\u0142ki zostanie odj\u0119ty od Twojego zwrotu.<br \/>Pami\u0119taj, \u017ce produkt musi by\u0107 w stanie nienaruszonym, nie mo\u017ce by\u0107 noszony oraz nosi\u0107 \u015blad\u00f3w u\u017cywania. Nie musi by\u0107 natomiast w oryginalnym opakowaniu.<\/p><p>Formularz mo\u017cesz wydrukowa\u0107 z naszej strony lub spisa\u0107 go odr\u0119cznie.\u00a0<\/p><p>Po otrzymaniu i sprawdzeniu Twojego zwrotu wy\u015blemy Ci wiadomo\u015b\u0107 e-mail z powiadomieniem, \u017ce otrzymali\u015bmy zwr\u00f3cony przedmiot. Powiadomimy Ci\u0119 r\u00f3wnie\u017c o zatwierdzeniu lub odrzuceniu zwrotu. Zwrot koszt\u00f3w dokonujemy jeszcze tego samego dnia. Pieni\u0105dze na Twoim koncie pojawi\u0105 si\u0119 wed\u0142ug zasad Twojego banku.<\/p>\t\t\t\t\t\t<\/div>\n\t\t\t\t<\/div>\n\t\t\t\t\t<\/div>\n\t\t\t\t<\/div>\n\t\t<div class=\"elementor-element elementor-element-7093100 e-flex e-con-boxed e-con e-parent\" data-id=\"7093100\" data-element_type=\"container\" data-settings=\"{&quot;content_width&quot;:&quot;boxed&quot;}\" data-core-v316-plus=\"true\">\n\t\t\t\t\t<div class=\"e-con-inner\">\n\t\t\t\t<div class=\"elementor-element elementor-element-751d53f elementor-widget elementor-widget-heading\" data-id=\"751d53f\" data-element_type=\"widget\" data-widget_type=\"heading.default\">\n\t\t\t\t<div class=\"elementor-widget-container\">\n\t\t\t<h2 class=\"elementor-heading-title elementor-size-default\">Nie podlegaj\u0105 zwrotowi:<\/h2>\t\t<\/div>\n\t\t\t\t<\/div>\n\t\t\t\t<div class=\"elementor-element elementor-element-0f51c41 elementor-widget elementor-widget-text-editor\" data-id=\"0f51c41\" data-element_type=\"widget\" data-widget_type=\"text-editor.default\">\n\t\t\t\t<div class=\"elementor-widget-container\">\n\t\t\t\t\t\t\t<p>\u2013 przedmioty wykonane na zam\u00f3wienie,<br \/>\u2013 obro\u017ce,<br \/>\u2013 produkty personalizowanenie, czyli takie na kt\u00f3re naniesiony zosta\u0142 wybrany napis,<br \/>\u2013 szelki (istnieje mo\u017cliwo\u015b\u0107 jednej poprawki zam\u00f3wionych szelek).<\/p>\t\t\t\t\t\t<\/div>\n\t\t\t\t<\/div>\n\t\t\t\t\t<\/div>\n\t\t\t\t<\/div>\n\t\t\t\t\t\t\t<\/div>\n\t\t","protected":false},"excerpt":{"rendered":"<p>Zwroty lub wymiana Jako konsument\u00a0mo\u017cesz zwr\u00f3ci\u0107 swoje zam\u00f3wienie w ci\u0105gu 14 dni\u00a0od daty zakupu bez podania przyczyny. Wystarczy, \u017ce wy\u015blesz wiadomo\u015b\u0107 e-mail na adres:\u00a0hello@malier.pl\u00a0informuj\u0105cy o &hellip; <\/p>\n","protected":false},"author":1,"featured_media":0,"parent":0,"menu_order":0,"comment_status":"closed","ping_status":"closed","template":"","meta":{"footnotes":""},"class_list":["post-221","page","type-page","status-publish","hentry"],"_links":{"self":[{"href":"https:\/\/szarvas.com.pl\/index.php\/wp-json\/wp\/v2\/pages\/221","targetHints":{"allow":["GET"]}}],"collection":[{"href":"https:\/\/szarvas.com.pl\/index.php\/wp-json\/wp\/v2\/pages"}],"about":[{"href":"https:\/\/szarvas.com.pl\/index.php\/wp-json\/wp\/v2\/types\/page"}],"author":[{"embeddable":true,"href":"https:\/\/szarvas.com.pl\/index.php\/wp-json\/wp\/v2\/users\/1"}],"replies":[{"embeddable":true,"href":"https:\/\/szarvas.com.pl\/index.php\/wp-json\/wp\/v2\/comments?post=221"}],"version-history":[{"count":4,"href":"https:\/\/szarvas.com.pl\/index.php\/wp-json\/wp\/v2\/pages\/221\/revisions"}],"predecessor-version":[{"id":236,"href":"https:\/\/szarvas.com.pl\/index.php\/wp-json\/wp\/v2\/pages\/221\/revisions\/236"}],"wp:attachment":[{"href":"https:\/\/szarvas.com.pl\/index.php\/wp-json\/wp\/v2\/media?parent=221"}],"curies":[{"name":"wp","href":"https:\/\/api.w.org\/{rel}","templated":true}]}}