{"id":223,"date":"2023-04-10T19:39:06","date_gmt":"2023-04-10T17:39:06","guid":{"rendered":"https:\/\/szarvas.com.pl\/?page_id=223"},"modified":"2023-04-10T19:44:16","modified_gmt":"2023-04-10T17:44:16","slug":"reklamacje","status":"publish","type":"page","link":"https:\/\/szarvas.com.pl\/index.php\/reklamacje\/","title":{"rendered":"REKLAMACJE"},"content":{"rendered":"\t\t<div data-elementor-type=\"wp-page\" data-elementor-id=\"223\" class=\"elementor elementor-223\">\n\t\t\t\t\t\t\t<div class=\"elementor-element elementor-element-48ee0e0 e-flex e-con-boxed e-con e-parent\" data-id=\"48ee0e0\" data-element_type=\"container\" data-settings=\"{&quot;content_width&quot;:&quot;boxed&quot;}\" data-core-v316-plus=\"true\">\n\t\t\t\t\t<div class=\"e-con-inner\">\n\t\t\t\t<div class=\"elementor-element elementor-element-3137770 elementor-widget elementor-widget-heading\" data-id=\"3137770\" data-element_type=\"widget\" data-widget_type=\"heading.default\">\n\t\t\t\t<div class=\"elementor-widget-container\">\n\t\t\t<style>\/*! elementor - v3.16.0 - 20-09-2023 *\/\n.elementor-heading-title{padding:0;margin:0;line-height:1}.elementor-widget-heading .elementor-heading-title[class*=elementor-size-]>a{color:inherit;font-size:inherit;line-height:inherit}.elementor-widget-heading .elementor-heading-title.elementor-size-small{font-size:15px}.elementor-widget-heading .elementor-heading-title.elementor-size-medium{font-size:19px}.elementor-widget-heading .elementor-heading-title.elementor-size-large{font-size:29px}.elementor-widget-heading .elementor-heading-title.elementor-size-xl{font-size:39px}.elementor-widget-heading .elementor-heading-title.elementor-size-xxl{font-size:59px}<\/style><h2 class=\"elementor-heading-title elementor-size-default\">Reklamacje<\/h2>\t\t<\/div>\n\t\t\t\t<\/div>\n\t\t\t\t<div class=\"elementor-element elementor-element-538f0a5 elementor-widget elementor-widget-text-editor\" data-id=\"538f0a5\" data-element_type=\"widget\" data-widget_type=\"text-editor.default\">\n\t\t\t\t<div class=\"elementor-widget-container\">\n\t\t\t<style>\/*! elementor - v3.16.0 - 20-09-2023 *\/\n.elementor-widget-text-editor.elementor-drop-cap-view-stacked .elementor-drop-cap{background-color:#69727d;color:#fff}.elementor-widget-text-editor.elementor-drop-cap-view-framed .elementor-drop-cap{color:#69727d;border:3px solid;background-color:transparent}.elementor-widget-text-editor:not(.elementor-drop-cap-view-default) .elementor-drop-cap{margin-top:8px}.elementor-widget-text-editor:not(.elementor-drop-cap-view-default) .elementor-drop-cap-letter{width:1em;height:1em}.elementor-widget-text-editor .elementor-drop-cap{float:left;text-align:center;line-height:1;font-size:50px}.elementor-widget-text-editor .elementor-drop-cap-letter{display:inline-block}<\/style>\t\t\t\t<p>Reklamacje prosimy wysy\u0142a\u0107 na adres:<\/p><p><br \/><strong>SZARVAS DARIUSZ BURAK<\/strong><br \/>ul. Batalionu Zo\u015bka 7\/13<br \/>66-400 Gorz\u00f3w Wlkp.<\/p><p><br \/>Do\u0142\u0105cz wype\u0142niony druk reklamacyjny. Skontaktujemy si\u0119 w ci\u0105gu 14 dni roboczych \ud83d\ude42<\/p>\t\t\t\t\t\t<\/div>\n\t\t\t\t<\/div>\n\t\t\t\t<div class=\"elementor-element elementor-element-8c880b8 elementor-widget elementor-widget-text-editor\" data-id=\"8c880b8\" data-element_type=\"widget\" data-widget_type=\"text-editor.default\">\n\t\t\t\t<div class=\"elementor-widget-container\">\n\t\t\t\t\t\t\t<p><strong>Reklamacji nie podlegaj\u0105:<br \/><br \/><\/strong>\u2013 odpryski na okuciach malowanych b\u0119d\u0105ce wynikiem normalnego u\u017cytkowania rzeczy.<br \/>\u2013 okucia w kolorze z\u0142otym pokrywaj\u0105 si\u0119 patyn\u0105 i jest to naturlany proces.<br \/>\u2013 zerwane podczas biegu psa r\u0105czki w smyczach i linkach treningowych.<br \/>\u2013 akcesoria pogryzione przez psy.<\/p>\t\t\t\t\t\t<\/div>\n\t\t\t\t<\/div>\n\t\t\t\t\t<\/div>\n\t\t\t\t<\/div>\n\t\t\t\t\t\t\t<\/div>\n\t\t","protected":false},"excerpt":{"rendered":"<p>Reklamacje Reklamacje prosimy wysy\u0142a\u0107 na adres: SZARVAS DARIUSZ BURAKul. Batalionu Zo\u015bka 7\/1366-400 Gorz\u00f3w Wlkp. Do\u0142\u0105cz wype\u0142niony druk reklamacyjny. Skontaktujemy si\u0119 w ci\u0105gu 14 dni roboczych &hellip; <\/p>\n","protected":false},"author":1,"featured_media":0,"parent":0,"menu_order":0,"comment_status":"closed","ping_status":"closed","template":"","meta":{"footnotes":""},"class_list":["post-223","page","type-page","status-publish","hentry"],"_links":{"self":[{"href":"https:\/\/szarvas.com.pl\/index.php\/wp-json\/wp\/v2\/pages\/223","targetHints":{"allow":["GET"]}}],"collection":[{"href":"https:\/\/szarvas.com.pl\/index.php\/wp-json\/wp\/v2\/pages"}],"about":[{"href":"https:\/\/szarvas.com.pl\/index.php\/wp-json\/wp\/v2\/types\/page"}],"author":[{"embeddable":true,"href":"https:\/\/szarvas.com.pl\/index.php\/wp-json\/wp\/v2\/users\/1"}],"replies":[{"embeddable":true,"href":"https:\/\/szarvas.com.pl\/index.php\/wp-json\/wp\/v2\/comments?post=223"}],"version-history":[{"count":4,"href":"https:\/\/szarvas.com.pl\/index.php\/wp-json\/wp\/v2\/pages\/223\/revisions"}],"predecessor-version":[{"id":233,"href":"https:\/\/szarvas.com.pl\/index.php\/wp-json\/wp\/v2\/pages\/223\/revisions\/233"}],"wp:attachment":[{"href":"https:\/\/szarvas.com.pl\/index.php\/wp-json\/wp\/v2\/media?parent=223"}],"curies":[{"name":"wp","href":"https:\/\/api.w.org\/{rel}","templated":true}]}}