{"id":21,"date":"2022-12-27T18:05:49","date_gmt":"2022-12-27T17:05:49","guid":{"rendered":"https:\/\/szarvas.com.pl\/?post_type=product&#038;p=21"},"modified":"2023-04-10T02:43:24","modified_gmt":"2023-04-10T00:43:24","slug":"duza-saszetka-na-przysmaki-winhyepet","status":"publish","type":"product","link":"https:\/\/szarvas.com.pl\/index.php\/produkt\/duza-saszetka-na-przysmaki-winhyepet\/","title":{"rendered":"Torba treningowa na przysmaki Winhyepet"},"content":{"rendered":"<p><strong>Cechy saszetki Winhyepet:<\/strong><\/p>\n<ul>\n<li>wodoodporna,<\/li>\n<li>wykonana z\u00a0najwy\u017cszej jako\u015bci materia\u0142\u00f3w,<\/li>\n<li>mocna klamra Duraflex,<\/li>\n<li>wygodna regulacja,<\/li>\n<li>szeroko\u015b\u0107 22\u00a0cm,<\/li>\n<li>wysoko\u015b\u0107\u00a018 cm,<\/li>\n<li>pojemno\u015b\u0107 7.2l,<\/li>\n<li>mo\u017cliwo\u015b\u0107 prania w\u00a0pralce w\u00a030 stopniach,<\/li>\n<li>kolor czarny<\/li>\n<li>regulacja minimum 64\u00a0cm, maksimum 122 cm<\/li>\n<\/ul>\n","protected":false},"excerpt":{"rendered":"<p>Saszetka wykonana jest z\u00a0wodoodpornego materia\u0142u. Wyposa\u017cona w\u00a0zamykan\u0105 kiesze\u0144 na\u00a0klucze, telefon i\u00a0inne drobiazgi, komor\u0119 na\u00a0smako\u0142yki oraz\u00a0otw\u00f3r na\u00a0woreczki. Saszetka posiada nylonowy, regulowany pas biodrowy dzi\u0119ki kt\u00f3remu mo\u017cna j\u0105\u00a0idealnie dopasowa\u0107 do\u00a0cia\u0142a. G\u00f3rna, g\u0142\u00f3wna kiesze\u0144 zamykana na\u00a0metalowy klips, aby m\u00f3c szybko wyjmowa\u0107 smako\u0142yki i\u00a0ponownie j\u0105\u00a0zamkn\u0105\u0107.<\/p>\n","protected":false},"featured_media":28,"comment_status":"open","ping_status":"closed","template":"","meta":[],"product_cat":[23],"product_tag":[],"class_list":["post-21","product","type-product","status-publish","has-post-thumbnail","hentry","product_cat-akcesoria"],"_links":{"self":[{"href":"https:\/\/szarvas.com.pl\/index.php\/wp-json\/wp\/v2\/product\/21","targetHints":{"allow":["GET"]}}],"collection":[{"href":"https:\/\/szarvas.com.pl\/index.php\/wp-json\/wp\/v2\/product"}],"about":[{"href":"https:\/\/szarvas.com.pl\/index.php\/wp-json\/wp\/v2\/types\/product"}],"replies":[{"embeddable":true,"href":"https:\/\/szarvas.com.pl\/index.php\/wp-json\/wp\/v2\/comments?post=21"}],"version-history":[{"count":1,"href":"https:\/\/szarvas.com.pl\/index.php\/wp-json\/wp\/v2\/product\/21\/revisions"}],"predecessor-version":[{"id":169,"href":"https:\/\/szarvas.com.pl\/index.php\/wp-json\/wp\/v2\/product\/21\/revisions\/169"}],"wp:featuredmedia":[{"embeddable":true,"href":"https:\/\/szarvas.com.pl\/index.php\/wp-json\/wp\/v2\/media\/28"}],"wp:attachment":[{"href":"https:\/\/szarvas.com.pl\/index.php\/wp-json\/wp\/v2\/media?parent=21"}],"wp:term":[{"taxonomy":"product_cat","embeddable":true,"href":"https:\/\/szarvas.com.pl\/index.php\/wp-json\/wp\/v2\/product_cat?post=21"},{"taxonomy":"product_tag","embeddable":true,"href":"https:\/\/szarvas.com.pl\/index.php\/wp-json\/wp\/v2\/product_tag?post=21"}],"curies":[{"name":"wp","href":"https:\/\/api.w.org\/{rel}","templated":true}]}}