{"id":35,"date":"2023-01-08T18:11:50","date_gmt":"2023-01-08T17:11:50","guid":{"rendered":"https:\/\/szarvas.com.pl\/?post_type=product&#038;p=35"},"modified":"2023-04-10T20:20:29","modified_gmt":"2023-04-10T18:20:29","slug":"mate-dla-psa-szarvas","status":"publish","type":"product","link":"https:\/\/szarvas.com.pl\/index.php\/produkt\/mate-dla-psa-szarvas\/","title":{"rendered":"Mata dla psa Szarvas"},"content":{"rendered":"<h2>Cechy pos\u0142ania dla psa Szarvas:<\/h2>\n<ul>\n<li>wykonana z\u00a0tkaniny poliestrowej, wodoodpornej, posiadaj\u0105cej atest bezpiecze\u0144stwa Oeko-Tex\u00ae<\/li>\n<li>wype\u0142niona mi\u0119kk\u0105, puszyst\u0105 owat\u0105 (w\u0142\u00f3knina poliestrowa nie uczula i\u00a0nie podra\u017cnia)<\/li>\n<li>designerski nadruk<\/li>\n<li>odporna na\u00a0intensywne u\u017cytkowanie<\/li>\n<li>chroni przed wilgotnym, twardym i\u00a0brudnym pod\u0142o\u017cem<\/li>\n<li>lekka<\/li>\n<li>praktyczna w\u00a0podr\u00f3\u017cy<\/li>\n<li>\u0142atwa w\u00a0czyszczeniu<\/li>\n<li><\/li>\n<\/ul>\n<h2>Dane techniczne maty dla psa<\/h2>\n<ul>\n<li>materia\u0142: poliester wodoodporny<\/li>\n<li>wype\u0142nienie: w\u0142\u00f3knina poliestrowa<\/li>\n<li>wymiary:\u00a050 x\u00a075 cm\u00a0(+\/- 2\u00a0cm)<\/li>\n<li><\/li>\n<\/ul>\n<h2>Jak piel\u0119gnowa\u0107 mat\u0119 dla psa Szarvas?<\/h2>\n<p>W celu usuni\u0119cia drobnych zabrudze\u0144 wystarczy przetrze\u0107 mat\u0119 dla psa wilgotn\u0105 g\u0105bk\u0105. Przy wi\u0119kszych zabrudzeniach pos\u0142anie mo\u017cna wypra\u0107 r\u0119cznie lub w\u00a0pralce w\u00a0temperaturze 30\u00b0. Nale\u017cy u\u017cy\u0107 delikatnego trybu prania. Produktu nie nale\u017cy chlorowa\u0107, krochmali\u0107, prasowa\u0107, wybiela\u0107, suszy\u0107 mechanicznie czy pra\u0107 chemicznie. Po\u00a0praniu rozwiesi\u0107 aby legowisko mog\u0142o dok\u0142adnie wyschn\u0105\u0107.<\/p>\n","protected":false},"excerpt":{"rendered":"<p>Wodoodporna mata dla psa zapewni Twojemu pupilowi najwy\u017cszy komfort le\u017cenia. Ma wiele zastosowa\u0144, idealnie sprawdzi si\u0119 podczas w\u0119dr\u00f3wek g\u00f3rskich, campingu, pikniku w parku, podr\u00f3\u017cy samochodem, lub jako ochrona na fotel, kanap\u0119. Materia\u0142 z kt\u00f3rego jest wykonana posiada atest bezpiecze\u0144stwa Oeko-Tex\u00ae Standard 100.<br \/>\nPos\u0142anie dla psa wype\u0142nione jest mi\u0119kk\u0105 owat\u0105. Zastosowany materia\u0142 \u015bwietnie chroni przed zimnem i\u00a0wilgoci\u0105 od\u00a0spodu. Mata wyr\u00f3\u017cnia si\u0119 designersk\u0105 grafik\u0105. Wykonana jest w\u00a0Polsce przez ma\u0142\u0105 manufaktur\u0119 Szarvas. Mata dost\u0119pna jest w\u00a0dw\u00f3ch rozmiarach :\u00a075\/100 i\u00a050\/75<\/p>\n","protected":false},"featured_media":36,"comment_status":"open","ping_status":"closed","template":"","meta":[],"product_cat":[21],"product_tag":[],"class_list":["post-35","product","type-product","status-publish","has-post-thumbnail","hentry","product_cat-legowisko"],"_links":{"self":[{"href":"https:\/\/szarvas.com.pl\/index.php\/wp-json\/wp\/v2\/product\/35","targetHints":{"allow":["GET"]}}],"collection":[{"href":"https:\/\/szarvas.com.pl\/index.php\/wp-json\/wp\/v2\/product"}],"about":[{"href":"https:\/\/szarvas.com.pl\/index.php\/wp-json\/wp\/v2\/types\/product"}],"replies":[{"embeddable":true,"href":"https:\/\/szarvas.com.pl\/index.php\/wp-json\/wp\/v2\/comments?post=35"}],"version-history":[{"count":1,"href":"https:\/\/szarvas.com.pl\/index.php\/wp-json\/wp\/v2\/product\/35\/revisions"}],"predecessor-version":[{"id":268,"href":"https:\/\/szarvas.com.pl\/index.php\/wp-json\/wp\/v2\/product\/35\/revisions\/268"}],"wp:featuredmedia":[{"embeddable":true,"href":"https:\/\/szarvas.com.pl\/index.php\/wp-json\/wp\/v2\/media\/36"}],"wp:attachment":[{"href":"https:\/\/szarvas.com.pl\/index.php\/wp-json\/wp\/v2\/media?parent=35"}],"wp:term":[{"taxonomy":"product_cat","embeddable":true,"href":"https:\/\/szarvas.com.pl\/index.php\/wp-json\/wp\/v2\/product_cat?post=35"},{"taxonomy":"product_tag","embeddable":true,"href":"https:\/\/szarvas.com.pl\/index.php\/wp-json\/wp\/v2\/product_tag?post=35"}],"curies":[{"name":"wp","href":"https:\/\/api.w.org\/{rel}","templated":true}]}}