{"id":51,"date":"2023-01-08T18:25:02","date_gmt":"2023-01-08T17:25:02","guid":{"rendered":"https:\/\/szarvas.com.pl\/?post_type=product&#038;p=51"},"modified":"2025-10-09T01:46:17","modified_gmt":"2025-10-08T23:46:17","slug":"mata-dla-psa-szarvas","status":"publish","type":"product","link":"https:\/\/szarvas.com.pl\/index.php\/produkt\/mata-dla-psa-szarvas\/","title":{"rendered":"Mata dla psa Szarvas Yin Yang"},"content":{"rendered":"<p><strong>Cechy pos\u0142ania dla psa Szarvas:<\/strong><\/p>\n<ul>\n<li>wykonana z tkaniny poliestrowej, wodoodpornej, posiadaj\u0105cej atest bezpiecze\u0144stwa Oeko-Tex\u00ae<\/li>\n<li>wype\u0142niona mi\u0119kk\u0105, puszyst\u0105 owat\u0105 (w\u0142\u00f3knina poliestrowa nie uczula i nie podra\u017cnia)<\/li>\n<li>designerski nadruk<\/li>\n<li>odporna na intensywne u\u017cytkowanie<\/li>\n<li>chroni przed wilgotnym, twardym i brudnym pod\u0142o\u017cem<\/li>\n<li>lekka<\/li>\n<li>praktyczna w podr\u00f3\u017cy<\/li>\n<li>\u0142atwa w czyszczeniu<\/li>\n<\/ul>\n<p><strong>Dane techniczne maty dla psa:<\/strong><\/p>\n<ul>\n<li>materia\u0142: poliester wodoodporny<\/li>\n<li>wype\u0142nienie: w\u0142\u00f3knina poliestrowa<\/li>\n<li>wymiary: 50 x 75 cm (+\/- 2 cm)<\/li>\n<\/ul>\n<p><strong>Jak piel\u0119gnowa\u0107 mat\u0119 dla psa Szarvas?<\/strong><\/p>\n<p>W celu usuni\u0119cia drobnych zabrudze\u0144 wystarczy przetrze\u0107 mat\u0119 dla psa wilgotn\u0105 g\u0105bk\u0105. Przy wi\u0119kszych zabrudzeniach pos\u0142anie mo\u017cna wypra\u0107<br \/>\nr\u0119cznie lub w pralce w temperaturze 30\u00b0. Nale\u017cy u\u017cy\u0107 delikatnego trybu prania. Produktu nie nale\u017cy chlorowa\u0107, krochmali\u0107, prasowa\u0107, wybiela\u0107,<br \/>\nsuszy\u0107 mechanicznie czy pra\u0107 chemicznie. Po praniu rozwiesi\u0107 aby legowisko mog\u0142o dok\u0142adnie wyschn\u0105\u0107.<\/p>\n","protected":false},"excerpt":{"rendered":"<p>Wodoodporna mata dla psa zapewni Twojemu pupilowi najwy\u017cszy komfort le\u017cenia. Ma wiele zastosowa\u0144, idealnie sprawdzi si\u0119 podczas w\u0119dr\u00f3wek g\u00f3rskich, campingu, pikniku w parku, podr\u00f3\u017cy samochodem, lub jako ochrona na fotel, kanap\u0119. Materia\u0142 z kt\u00f3rego jest wykonana posiada atest bezpiecze\u0144stwa Oeko-Tex\u00ae Standard 100.<\/p>\n<p>Pos\u0142anie dla psa wype\u0142nione jest mi\u0119kk\u0105 owat\u0105. Zastosowany materia\u0142 \u015bwietnie chroni przed zimnem i wilgoci\u0105 od spodu. Mata wyr\u00f3\u017cnia si\u0119 designersk\u0105 grafik\u0105. Wykonana jest w Polsce przez ma\u0142\u0105 manufaktur\u0119 Szarvas. Mata dost\u0119pna jest w dw\u00f3ch rozmiarach : 75\/100 i 50\/75<\/p>\n","protected":false},"featured_media":53,"comment_status":"open","ping_status":"closed","template":"","meta":[],"product_cat":[21],"product_tag":[],"class_list":["post-51","product","type-product","status-publish","has-post-thumbnail","hentry","product_cat-legowisko","rtwpvg-product"],"_links":{"self":[{"href":"https:\/\/szarvas.com.pl\/index.php\/wp-json\/wp\/v2\/product\/51","targetHints":{"allow":["GET"]}}],"collection":[{"href":"https:\/\/szarvas.com.pl\/index.php\/wp-json\/wp\/v2\/product"}],"about":[{"href":"https:\/\/szarvas.com.pl\/index.php\/wp-json\/wp\/v2\/types\/product"}],"replies":[{"embeddable":true,"href":"https:\/\/szarvas.com.pl\/index.php\/wp-json\/wp\/v2\/comments?post=51"}],"version-history":[{"count":4,"href":"https:\/\/szarvas.com.pl\/index.php\/wp-json\/wp\/v2\/product\/51\/revisions"}],"predecessor-version":[{"id":255,"href":"https:\/\/szarvas.com.pl\/index.php\/wp-json\/wp\/v2\/product\/51\/revisions\/255"}],"wp:featuredmedia":[{"embeddable":true,"href":"https:\/\/szarvas.com.pl\/index.php\/wp-json\/wp\/v2\/media\/53"}],"wp:attachment":[{"href":"https:\/\/szarvas.com.pl\/index.php\/wp-json\/wp\/v2\/media?parent=51"}],"wp:term":[{"taxonomy":"product_cat","embeddable":true,"href":"https:\/\/szarvas.com.pl\/index.php\/wp-json\/wp\/v2\/product_cat?post=51"},{"taxonomy":"product_tag","embeddable":true,"href":"https:\/\/szarvas.com.pl\/index.php\/wp-json\/wp\/v2\/product_tag?post=51"}],"curies":[{"name":"wp","href":"https:\/\/api.w.org\/{rel}","templated":true}]}}