{"id":54,"date":"2023-01-08T18:26:04","date_gmt":"2023-01-08T17:26:04","guid":{"rendered":"https:\/\/szarvas.com.pl\/?post_type=product&#038;p=54"},"modified":"2025-05-21T02:47:57","modified_gmt":"2025-05-21T00:47:57","slug":"pas-trekkingowy-trek-go","status":"publish","type":"product","link":"https:\/\/szarvas.com.pl\/index.php\/produkt\/pas-trekkingowy-trek-go\/","title":{"rendered":"Pas trekkingowy Trek Go"},"content":{"rendered":"<p><strong>Wysokiej jako\u015bci pas do biegania Trek Go<\/strong><\/p>\n<p>Pas zosta\u0142 wyprodukowany przez renomowan\u0105 mark\u0119 Truelove. Jego unikatowy design, kt\u00f3ry \u0142\u0105czy trekkingowy pas z pojemn\u0105 nerk\u0105 sprawia, \u017ce to wyj\u0105tkowy i funkcjonalny produkt. Pas charakteryzuje si\u0119 szerokim zakresem regulacji, posiada odblaskowe elementy i solidne, wytrzyma\u0142e zapi\u0119cie na klamr\u0119, nie przesuwa si\u0119 i utrzymuje w jednym miejscu. Dzi\u0119ki niemu b\u0119dziesz mie\u0107 pod r\u0119k\u0105 wszystkie niezb\u0119dne drobiazgi. Wybierz pas Trek Go!<\/p>\n<p>Obw\u00f3d minimalny: 65 cm Obw\u00f3d maksymalny: 125 cm<\/p>\n<p><strong>Cechy pasa trekkingowego Trek Go:<\/strong><\/p>\n<ul>\n<li>kiesze\u0144 na bidon (bidon w komplecie!)<\/li>\n<li>elastyczna kiesze\u0144 pozwala nosi\u0107 bidony o r\u00f3\u017cnej pojemno\u015bci<\/li>\n<li>dwie praktyczne kieszenie na smako\u0142yki, telefon i inne niezb\u0119dne rzeczy<\/li>\n<li>wyj\u015bcie umo\u017cliwiaj\u0105ce wygodne korzystanie z woreczk\u00f3w do sprz\u0105tania po psie. Sprawdzi si\u0119 tak\u017ce jako wyj\u015bcie na s\u0142uchawki<\/li>\n<li>solidna wytrzyma\u0142a klamra<\/li>\n<li>odblaskowe elementy zapewniaj\u0105ce bezpiecze\u0144stwo po zmroku<\/li>\n<\/ul>\n","protected":false},"excerpt":{"rendered":"<p>Pas do biegania z psem Truelove Trek Go<\/p>\n<p>Bieganie z psem sprawia, \u017ce Tw\u00f3j codzienny trening staje si\u0119 czyst\u0105 przyjemno\u015bci\u0105. Dzi\u0119ki niemu pies utrzyma dobr\u0105 kondycj\u0119, a jako\u015b\u0107 jego \u017cycia si\u0119 poprawi. Aby m\u00f3c bezpiecznie i wygodnie uprawia\u0107 sporty z psem, wybierz pas do biegania z psem Truelove Trek Go.<\/p>\n","protected":false},"featured_media":56,"comment_status":"open","ping_status":"closed","template":"","meta":[],"product_cat":[23],"product_tag":[],"class_list":["post-54","product","type-product","status-publish","has-post-thumbnail","hentry","product_cat-akcesoria","rtwpvg-product"],"_links":{"self":[{"href":"https:\/\/szarvas.com.pl\/index.php\/wp-json\/wp\/v2\/product\/54","targetHints":{"allow":["GET"]}}],"collection":[{"href":"https:\/\/szarvas.com.pl\/index.php\/wp-json\/wp\/v2\/product"}],"about":[{"href":"https:\/\/szarvas.com.pl\/index.php\/wp-json\/wp\/v2\/types\/product"}],"replies":[{"embeddable":true,"href":"https:\/\/szarvas.com.pl\/index.php\/wp-json\/wp\/v2\/comments?post=54"}],"version-history":[{"count":2,"href":"https:\/\/szarvas.com.pl\/index.php\/wp-json\/wp\/v2\/product\/54\/revisions"}],"predecessor-version":[{"id":277,"href":"https:\/\/szarvas.com.pl\/index.php\/wp-json\/wp\/v2\/product\/54\/revisions\/277"}],"wp:featuredmedia":[{"embeddable":true,"href":"https:\/\/szarvas.com.pl\/index.php\/wp-json\/wp\/v2\/media\/56"}],"wp:attachment":[{"href":"https:\/\/szarvas.com.pl\/index.php\/wp-json\/wp\/v2\/media?parent=54"}],"wp:term":[{"taxonomy":"product_cat","embeddable":true,"href":"https:\/\/szarvas.com.pl\/index.php\/wp-json\/wp\/v2\/product_cat?post=54"},{"taxonomy":"product_tag","embeddable":true,"href":"https:\/\/szarvas.com.pl\/index.php\/wp-json\/wp\/v2\/product_tag?post=54"}],"curies":[{"name":"wp","href":"https:\/\/api.w.org\/{rel}","templated":true}]}}