{"id":63,"date":"2023-01-08T18:31:50","date_gmt":"2023-01-08T17:31:50","guid":{"rendered":"https:\/\/szarvas.com.pl\/?post_type=product&#038;p=63"},"modified":"2025-03-26T15:12:49","modified_gmt":"2025-03-26T14:12:49","slug":"szelki-dla-psa-lumen-szare","status":"publish","type":"product","link":"https:\/\/szarvas.com.pl\/index.php\/produkt\/szelki-dla-psa-lumen-szare\/","title":{"rendered":"Szelki dla psa Lumen"},"content":{"rendered":"<p><strong>Cechy szelek dla psa Lumen:<\/strong><\/p>\n<ul>\n<li>Konstrukcja szelek zapewnia idealne roz\u0142o\u017cenie obci\u0105\u017cenia i pozwala na szerokie zastosowanie szelek przy r\u00f3\u017cnych aktywno\u015bciach.<\/li>\n<li>Odblaskowe przeszycie na ca\u0142ych szelkach.<\/li>\n<li>Wyposa\u017cone w specjaln\u0105 kiesze\u0144 na lampk\u0119 zapewniaj\u0105c\u0105 dobr\u0105 widoczno\u015b\u0107 psa po zmroku.<\/li>\n<li>Dwa punkty do podpi\u0119cia smyczy ze stopu aluminium: z ty\u0142u na grzbiecie psa oraz z przodu przy klatce piersiowej psa.<\/li>\n<li>Dodatkowo wyposa\u017cone w wygodn\u0105 nylonow\u0105 r\u0105czk\u0119 pozwalaj\u0105c\u0105 \u0142atwo chwyci\u0107 psa. Mo\u017cna j\u0105 wykorzysta\u0107 r\u00f3wnie\u017c do przypi\u0119cia psa podczas jazdy samochodem.<\/li>\n<\/ul>\n<p><strong>Tabela rozmiar\u00f3w:<\/strong><\/p>\n<p>Aby dobra\u0107 szelki zmierz obw\u00f3d psa w miejscu przedstawionym na poni\u017cszym rysunku i wybierz odpowiedni rozmiar zgodnie z opisanym zakresem:<\/p>\n<p><img loading=\"lazy\" decoding=\"async\" class=\"alignnone wp-image-157 size-full\" src=\"http:\/\/szarvas.com.pl\/wp-content\/uploads\/2023\/01\/szelki_rozmiary.png\" alt=\"\" width=\"529\" height=\"209\" srcset=\"https:\/\/szarvas.com.pl\/wp-content\/uploads\/2023\/01\/szelki_rozmiary.png 529w, https:\/\/szarvas.com.pl\/wp-content\/uploads\/2023\/01\/szelki_rozmiary-300x119.png 300w, https:\/\/szarvas.com.pl\/wp-content\/uploads\/2023\/01\/szelki_rozmiary-152x60.png 152w\" sizes=\"auto, (max-width: 529px) 100vw, 529px\" \/><\/p>\n<p>Obw\u00f3d szyi psa najlepiej zmierzy\u0107 w miejscu poni\u017cej obro\u017cy, klatk\u0119 piersiow\u0105 ok 5-10 cm za \u0142apkami. Je\u015bli Tw\u00f3j pies znajduje si\u0119 na granicy rozmiar\u00f3w sugerujemy wyb\u00f3r wi\u0119kszych szelek. Aby zapewni\u0107 najwy\u017cszy komfort zakup\u00f3w przez internet kupione u nas szelki zawsze mo\u017cna wymieni\u0107 na inny rozmiar<\/p>\n","protected":false},"excerpt":{"rendered":"<p><strong>Szelki dla psa Lumen<\/strong><\/p>\n<p>Szelki dla psa Lumen dla w\u0142a\u015bcicieli ceni\u0105cych bezpiecze\u0144stwo i wygod\u0119 swoich ps\u00f3w. Dzi\u0119ki regulacji w czterech punktach szelki idealnie dopasowuj\u0105 si\u0119 do sylwetki psa. Dodatkowy komfort daje wewn\u0119trzne obszycie szelek bardzo mi\u0119kk\u0105, oddychaj\u0105c\u0105 siateczk\u0105. Ogromn\u0105 zalet\u0105 jest odblaskowe przeszycie ca\u0142ych szelek oraz specjalne miejsce na wodoodporn\u0105 lampk\u0119 Led Flash. Dzi\u0119ki temu rozwi\u0105zaniu nasz pies b\u0119dzie zawsze widoczny i bezpieczny w ciemno\u015bci. Wiele praktycznych rozwi\u0105za\u0144 sprawia, \u017ce szelki idealnie nadaj\u0105 si\u0119 na dalekie w\u0119dr\u00f3wki, dogtrekking, bieganie i inne aktywno\u015bci, podczas kt\u00f3rych piesek zawsze b\u0119dzie czu\u0142 si\u0119 wygodnie i bezpiecznie.<\/p>\n","protected":false},"featured_media":62,"comment_status":"open","ping_status":"closed","template":"","meta":[],"product_cat":[19],"product_tag":[],"class_list":["post-63","product","type-product","status-publish","has-post-thumbnail","hentry","product_cat-szelki-dla-psa","product_shipping_class-kurier","rtwpvg-product"],"_links":{"self":[{"href":"https:\/\/szarvas.com.pl\/index.php\/wp-json\/wp\/v2\/product\/63","targetHints":{"allow":["GET"]}}],"collection":[{"href":"https:\/\/szarvas.com.pl\/index.php\/wp-json\/wp\/v2\/product"}],"about":[{"href":"https:\/\/szarvas.com.pl\/index.php\/wp-json\/wp\/v2\/types\/product"}],"replies":[{"embeddable":true,"href":"https:\/\/szarvas.com.pl\/index.php\/wp-json\/wp\/v2\/comments?post=63"}],"version-history":[{"count":2,"href":"https:\/\/szarvas.com.pl\/index.php\/wp-json\/wp\/v2\/product\/63\/revisions"}],"predecessor-version":[{"id":280,"href":"https:\/\/szarvas.com.pl\/index.php\/wp-json\/wp\/v2\/product\/63\/revisions\/280"}],"wp:featuredmedia":[{"embeddable":true,"href":"https:\/\/szarvas.com.pl\/index.php\/wp-json\/wp\/v2\/media\/62"}],"wp:attachment":[{"href":"https:\/\/szarvas.com.pl\/index.php\/wp-json\/wp\/v2\/media?parent=63"}],"wp:term":[{"taxonomy":"product_cat","embeddable":true,"href":"https:\/\/szarvas.com.pl\/index.php\/wp-json\/wp\/v2\/product_cat?post=63"},{"taxonomy":"product_tag","embeddable":true,"href":"https:\/\/szarvas.com.pl\/index.php\/wp-json\/wp\/v2\/product_tag?post=63"}],"curies":[{"name":"wp","href":"https:\/\/api.w.org\/{rel}","templated":true}]}}